{"id":10435,"date":"2024-06-29T12:51:01","date_gmt":"2024-06-29T12:51:01","guid":{"rendered":"https:\/\/dinsertar.eu\/?post_type=product&#038;p=10435"},"modified":"2025-05-16T19:36:39","modified_gmt":"2025-05-16T16:36:39","slug":"6-paar-kurze-herrensocken-aus-baumwolle","status":"publish","type":"product","link":"https:\/\/dinsertar.eu\/de\/6-paar-kurze-herrensocken-aus-baumwolle\/","title":{"rendered":"6er-Set Herren-Sport-Socken aus nahtloser Baumwolle, BAROS"},"content":{"rendered":"<h2>6er-Pack Herren-Sport-Kurzsocken aus wei\u00dfer Baumwolle ohne Naht, BAROS CONFORT PLUS<\/h2>\n<p>6 Paar wei\u00dfe nahtlose Baumwoll-Sportshortsocken f\u00fcr Herren, BAROS CONFORT PLUS, Gr\u00f6\u00dfe 40-46, wurden entwickelt, um jeden Tag ein unvergleichliches Ma\u00df an Komfort zu bieten. Nahtlos gefertigt und mit fortschrittlichen Komfortmerkmalen, sind diese wei\u00dfen Sportsocken perfekt f\u00fcr aktive M\u00e4nner, die ein hervorragendes Tragegef\u00fchl suchen.<\/p>\n<p>\u25cf Set mit 6 Paar kurzen wei\u00dfen Socken f\u00fcr alle Zwecke (<strong>2x schwarz + 2x wei\u00df + 2x grau<\/strong>)<br \/>\n\u25cf Atmungsaktives Design mit gepolsterter Ferse und Zehen f\u00fcr zus\u00e4tzlichen Schutz<br \/>\n\u25cf Ideal f\u00fcr intensive Aktivit\u00e4ten oder f\u00fcr Personen mit besonderen Komfortbed\u00fcrfnissen<\/p>\n<p><strong>ZUSAMMENSETZUNG:<\/strong><br \/>\n\u25cf 82% gek\u00e4mmte Baumwolle<br \/>\n\u25cf 16% Polyamid<br \/>\n\u25cf 2% Elastan<\/p>\n<p>Diese Zusammensetzung gew\u00e4hrleistet ein perfektes Gleichgewicht zwischen Komfort, Atmungsaktivit\u00e4t und Haltbarkeit. Gek\u00e4mmte Baumwolle sorgt f\u00fcr ein angenehmes Hautgef\u00fchl und einen optimalen Feuchtigkeitstransport, w\u00e4hrend Polyamid und Elastan f\u00fcr Formstabilit\u00e4t und Elastizit\u00e4t sorgen.<\/p>\n<p><strong>BENEFITS:<\/strong><br \/>\n\u25cf Atmungsaktives Design h\u00e4lt die F\u00fc\u00dfe unter allen Bedingungen k\u00fchl und trocken<br \/>\n\u25cf Gepolsterte Ferse und Zehen zur Sto\u00dfd\u00e4mpfung und Verhinderung von Hornhaut<br \/>\n\u25cf Kammgarn-Baumwolle (82%) sorgt f\u00fcr effiziente Schwei\u00dfaufnahme und ganzt\u00e4gigen Komfort<br \/>\n\u25cf Nahtlos, eliminiert das Risiko des Scheuerns und bietet erh\u00f6hten Komfort<br \/>\n\u25cf Optimierte Elastizit\u00e4t f\u00fcr eine perfekte Passform, die ein Verrutschen im Schuh verhindert<br \/>\n\u25cf Extra weich und angenehm im Griff, ideal f\u00fcr empfindliche Haut<br \/>\n\u25cf Vielseitig, ideal f\u00fcr Sport, Wandern oder aktive Tage im B\u00fcro<br \/>\n\u25cf Kurze L\u00e4nge, kompatibel mit einer breiten Palette von Schuhen, von Sport- bis zu Freizeitschuhen<\/p>\n<p>6 Paar wei\u00dfe nahtlose Herren-Sportsocken aus gek\u00e4mmter Baumwolle, BAROS COMFORT PLUS, sind die ideale Wahl f\u00fcr jede Gelegenheit.<\/p>","protected":false},"excerpt":{"rendered":"<p>Set mit 6 Paar kurzen Herrensocken aus wei\u00dfer nahtloser Baumwolle BAROS CONFORT PLUS, <strong>2x schwarz + 2x wei\u00df + 2x grau<\/strong>, Gr\u00f6\u00dfe 40-46, nahtlos, aus 82% gek\u00e4mmter Baumwolle, 16% Polyamid und 2% Elastan. Atmungsaktives Design mit gepolsterter Ferse und Spitze f\u00fcr h\u00f6chsten Komfort bei jeder Aktivit\u00e4t.<\/p>","protected":false},"featured_media":16003,"comment_status":"open","ping_status":"closed","template":"","meta":[],"product_brand":[],"product_cat":[170,67,92,90,69,65,66],"product_tag":[89,80,86,81,87],"class_list":{"0":"post-10435","1":"product","2":"type-product","3":"status-publish","4":"has-post-thumbnail","6":"product_cat-170","7":"product_cat-sosete-barbati","8":"product_cat-sosete-colorate-barbati","9":"product_cat-sosete-scurte-barbati","10":"product_cat-sosete-sport-barbati","11":"product_cat-promotii","12":"product_cat-sosete-bumbac-pieptanat","13":"product_tag-3-4","14":"product_tag-bumbac-pieptanat","15":"product_tag-compresie","16":"product_tag-fara-cusatura","17":"product_tag-medicinale","19":"first","20":"instock","21":"sale","22":"featured","23":"shipping-taxable","24":"purchasable","25":"product-type-simple"},"_links":{"self":[{"href":"https:\/\/dinsertar.eu\/de\/wp-json\/wp\/v2\/product\/10435","targetHints":{"allow":["GET"]}}],"collection":[{"href":"https:\/\/dinsertar.eu\/de\/wp-json\/wp\/v2\/product"}],"about":[{"href":"https:\/\/dinsertar.eu\/de\/wp-json\/wp\/v2\/types\/product"}],"replies":[{"embeddable":true,"href":"https:\/\/dinsertar.eu\/de\/wp-json\/wp\/v2\/comments?post=10435"}],"wp:featuredmedia":[{"embeddable":true,"href":"https:\/\/dinsertar.eu\/de\/wp-json\/wp\/v2\/media\/16003"}],"wp:attachment":[{"href":"https:\/\/dinsertar.eu\/de\/wp-json\/wp\/v2\/media?parent=10435"}],"wp:term":[{"taxonomy":"product_brand","embeddable":true,"href":"https:\/\/dinsertar.eu\/de\/wp-json\/wp\/v2\/product_brand?post=10435"},{"taxonomy":"product_cat","embeddable":true,"href":"https:\/\/dinsertar.eu\/de\/wp-json\/wp\/v2\/product_cat?post=10435"},{"taxonomy":"product_tag","embeddable":true,"href":"https:\/\/dinsertar.eu\/de\/wp-json\/wp\/v2\/product_tag?post=10435"}],"curies":[{"name":"wp","href":"https:\/\/api.w.org\/{rel}","templated":true}]}}