{"id":10331,"date":"2022-09-16T12:11:54","date_gmt":"2022-09-16T12:11:54","guid":{"rendered":"https:\/\/dinsertar.eu\/?post_type=product&#038;p=10331"},"modified":"2025-03-29T21:11:34","modified_gmt":"2025-03-29T19:11:34","slug":"satz-mit-2-paar-beigefarbenen-nahtlosen-kompressionsstrumpfen-fur-manner-und-frauen","status":"publish","type":"product","link":"https:\/\/dinsertar.eu\/de\/satz-mit-2-paar-beigefarbenen-nahtlosen-kompressionsstrumpfen-fur-manner-und-frauen\/","title":{"rendered":"2er-Set Kompressionsstr\u00fcmpfe DIN SERTAR, unisex, beige, nahtlos"},"content":{"rendered":"<h2>2er-Set DIN SERTAR Kompressionsstr\u00fcmpfe, unisex, beige, nahtlos<\/h2>\n<p>Die Kompressionsstrumpfhose Din Sertar in Hellbeige, Gr\u00f6\u00dfe M, ist ideal f\u00fcr jedes Outfit. Die nahtlosen Socken bestehen aus einer Kombination aus 98% Polyamid und 2% Elastan und bieten ganzt\u00e4gigen Komfort und Festigkeit.<\/p>\n<p>\u2705 Das beste Preis-Leistungs-Verh\u00e4ltnis!<\/p>\n<p>\u2705 Hoch \u00fcber dem Kn\u00f6chel, perfekt f\u00fcr Turnschuhe oder Sportschuhe - 10 cm von der Ferse bis zum oberen Rand des Fu\u00dfes.<\/p>\n<p>Mit diesen \u00e4u\u00dferst bequemen Socken k\u00f6nnen Sie in jeder Situation nichts falsch machen.<\/p>\n<p><strong>ZUSAMMENSETZUNG:<\/strong><\/p>\n<ul>\n<li>98% Polyamid<\/li>\n<li>2% Elastan<\/li>\n<\/ul>\n<p>Diese Socken sind aus hochwertigem Polyamid gefertigt, das eine ausgezeichnete Haltbarkeit und ganzt\u00e4gigen Komfort gew\u00e4hrleistet. Das zugesetzte Elasthan sorgt f\u00fcr eine gute Passform und Flexibilit\u00e4t.<\/p>\n<p><strong>BENEFITS<\/strong><\/p>\n<p>\u2714\ufe0f Hoher Polyamidanteil f\u00fcr Haltbarkeit und Komfort.<\/p>\n<p>\u2714\ufe0f Der lose Gummizug im oberen Bereich sorgt f\u00fcr eine gute Blutzirkulation.<\/p>\n<p>\u2714\ufe0f Die besondere Zusammensetzung des Gewebes macht sie sehr weich, elastisch und angenehm im Griff.<\/p>\n<p>\u2714\ufe0f F\u00fchlt sich auch nach l\u00e4ngerem Tragen angenehm an.<\/p>\n<p>\u2714\ufe0f Mittlere Dehnbarkeit zur perfekten Anpassung an den Fu\u00df.<\/p>\n<p>\u2714\ufe0f Keine Naht im oberen Bereich, um Unannehmlichkeiten zu vermeiden.<\/p>","protected":false},"excerpt":{"rendered":"<p>2 Paar Din Sertar Kompressionsstr\u00fcmpfe, hellbeige, Gr\u00f6\u00dfe M, nahtlos, unisex, aus 98% Polyamid und 2% Elastan, bieten Komfort und Haltbarkeit.<\/p>","protected":false},"featured_media":552,"comment_status":"open","ping_status":"closed","template":"","meta":[],"product_brand":[],"product_cat":[70,65],"product_tag":[],"class_list":{"0":"post-10331","1":"product","2":"type-product","3":"status-publish","4":"has-post-thumbnail","6":"product_cat-ciorapi-compresivi","7":"product_cat-promotii","9":"first","10":"instock","11":"sale","12":"featured","13":"shipping-taxable","14":"purchasable","15":"product-type-simple"},"_links":{"self":[{"href":"https:\/\/dinsertar.eu\/de\/wp-json\/wp\/v2\/product\/10331","targetHints":{"allow":["GET"]}}],"collection":[{"href":"https:\/\/dinsertar.eu\/de\/wp-json\/wp\/v2\/product"}],"about":[{"href":"https:\/\/dinsertar.eu\/de\/wp-json\/wp\/v2\/types\/product"}],"replies":[{"embeddable":true,"href":"https:\/\/dinsertar.eu\/de\/wp-json\/wp\/v2\/comments?post=10331"}],"wp:featuredmedia":[{"embeddable":true,"href":"https:\/\/dinsertar.eu\/de\/wp-json\/wp\/v2\/media\/552"}],"wp:attachment":[{"href":"https:\/\/dinsertar.eu\/de\/wp-json\/wp\/v2\/media?parent=10331"}],"wp:term":[{"taxonomy":"product_brand","embeddable":true,"href":"https:\/\/dinsertar.eu\/de\/wp-json\/wp\/v2\/product_brand?post=10331"},{"taxonomy":"product_cat","embeddable":true,"href":"https:\/\/dinsertar.eu\/de\/wp-json\/wp\/v2\/product_cat?post=10331"},{"taxonomy":"product_tag","embeddable":true,"href":"https:\/\/dinsertar.eu\/de\/wp-json\/wp\/v2\/product_tag?post=10331"}],"curies":[{"name":"wp","href":"https:\/\/api.w.org\/{rel}","templated":true}]}}