{"id":10228,"date":"2024-06-28T13:06:18","date_gmt":"2024-06-28T13:06:18","guid":{"rendered":"https:\/\/dinsertar.eu\/?post_type=product&#038;p=10228"},"modified":"2025-04-25T12:13:27","modified_gmt":"2025-04-25T09:13:27","slug":"12-paar-socken-aus-atmungsaktiver-kammgarn-fur-herren-mittelschwer","status":"publish","type":"product","link":"https:\/\/dinsertar.eu\/de\/12-paar-socken-aus-atmungsaktiver-kammgarn-fur-herren-mittelschwer\/","title":{"rendered":"Set mit 12 Paar Socken aus atmungsaktiver Kammgarn-Baumwolle f\u00fcr Herren in mittlerer Gr\u00f6\u00dfe"},"content":{"rendered":"<h2>12 Paar Socken aus atmungsaktiver Kammgarn-Baumwolle f\u00fcr Herren von SERTAR<\/h2>\n<p>12 Paar Socken aus mittelschwerer, atmungsaktiver Kammgarn-Baumwolle f\u00fcr Herren, <strong>6 schwarz + 6 wei\u00df, <\/strong>Gr\u00f6\u00dfe 40-46, Hergestellt aus Sertar, ideal f\u00fcr jede Gelegenheit. Sie sind nahtlos und bestehen aus einer Kombination aus 82% gek\u00e4mmter Baumwolle, 16% Polyamid und 2% Elastan, die den ganzen Tag \u00fcber Komfort und Haltbarkeit bieten.<\/p>\n<p>\u2705 Das beste Preis-Leistungs-Verh\u00e4ltnis!<\/p>\n<p>\u2705 Hoch \u00fcber dem Kn\u00f6chel, perfekt f\u00fcr Turnschuhe oder Sportschuhe - 10 cm von der Ferse bis zum oberen Rand des Fu\u00dfes.<\/p>\n<p>Mit diesen \u00e4u\u00dferst bequemen Socken k\u00f6nnen Sie in jeder Situation nichts falsch machen.<\/p>\n<p><strong>ZUSAMMENSETZUNG:<\/strong><\/p>\n<ul>\n<li>82% gek\u00e4mmte Baumwolle<\/li>\n<li>16% Polyamid<\/li>\n<li>2% Elastan<\/li>\n<\/ul>\n<p>F\u00fcr die Zusammensetzung dieser Socken wird gek\u00e4mmte Baumwolle 82% verwendet. Durch das K\u00e4mmen der Baumwolle entstehen die l\u00e4ngsten Baumwollfasern und in Kombination mit Polyamid werden die Socken sehr strapazierf\u00e4hig. Das Polyamidgarn ist von h\u00f6chster Qualit\u00e4t und verleiht den Baumwollfasern im Vergleich zu Polyester mehr Festigkeit, ohne die F\u00fc\u00dfe zu erhitzen oder zu riechen.<\/p>\n<p><strong>BENEFITS<\/strong><\/p>\n<p>\u2714\ufe0f Hoher Baumwollanteil (82% gek\u00e4mmte Baumwolle) f\u00fcr gute Schwei\u00dfabsorption.<\/p>\n<p>\u2714\ufe0f Der lose Gummizug im oberen Bereich sorgt f\u00fcr eine gute Blutzirkulation.<\/p>\n<p>\u2714\ufe0f Die besondere Zusammensetzung des Gewebes macht sie sehr weich, elastisch und angenehm im Griff.<\/p>\n<p>\u2714\ufe0f F\u00fchlt sich auch nach l\u00e4ngerem Tragen angenehm an.<\/p>\n<p>\u2714\ufe0f Mittlere Dehnbarkeit zur perfekten Anpassung an den Fu\u00df.<\/p>\n<p>\u2714\ufe0f Keine Naht im oberen Bereich, um Unannehmlichkeiten zu vermeiden.<\/p>\n<p>\u2714\ufe0f Atmungsaktive Laufsohle f\u00fcr zus\u00e4tzlichen Komfort.<\/p>\n<p>Das Set aus 12 Paar mittelgro\u00dfen Herrensocken aus atmungsaktiver, gek\u00e4mmter Baumwolle von SERTAR ist die ideale Wahl f\u00fcr Frauen, die Komfort, Langlebigkeit und einen frischen Look f\u00fcr ihr Alltagsoutfit suchen. Das gro\u00dfz\u00fcgige Set von 12 Paar Herrensocken medium sorgt f\u00fcr eine lang anhaltende Versorgung, perfekt f\u00fcr den t\u00e4glichen Gebrauch in allen Jahreszeiten und mit einer Vielzahl von Outfits.<\/p>","protected":false},"excerpt":{"rendered":"<p>12 Paar Socken aus mittelschwerer, atmungsaktiver Kammgarn-Baumwolle f\u00fcr Herren, <strong>6 schwarz + 6 wei\u00df<\/strong>, Gr\u00f6\u00dfe 40-46, nahtlos, aus 82% gek\u00e4mmter Baumwolle, 16% Polyamid und 2% Elastan, mit atmungsaktiver Sohle.<\/p>","protected":false},"featured_media":442,"comment_status":"open","ping_status":"closed","template":"","meta":[],"product_brand":[],"product_cat":[67,77,75,66],"product_tag":[],"class_list":{"0":"post-10228","1":"product","2":"type-product","3":"status-publish","4":"has-post-thumbnail","6":"product_cat-sosete-barbati","7":"product_cat-sosete-clasice-barbati","8":"product_cat-sosete-medii-barbati","9":"product_cat-sosete-bumbac-pieptanat","11":"first","12":"instock","13":"sale","14":"featured","15":"shipping-taxable","16":"purchasable","17":"product-type-simple"},"_links":{"self":[{"href":"https:\/\/dinsertar.eu\/de\/wp-json\/wp\/v2\/product\/10228","targetHints":{"allow":["GET"]}}],"collection":[{"href":"https:\/\/dinsertar.eu\/de\/wp-json\/wp\/v2\/product"}],"about":[{"href":"https:\/\/dinsertar.eu\/de\/wp-json\/wp\/v2\/types\/product"}],"replies":[{"embeddable":true,"href":"https:\/\/dinsertar.eu\/de\/wp-json\/wp\/v2\/comments?post=10228"}],"wp:featuredmedia":[{"embeddable":true,"href":"https:\/\/dinsertar.eu\/de\/wp-json\/wp\/v2\/media\/442"}],"wp:attachment":[{"href":"https:\/\/dinsertar.eu\/de\/wp-json\/wp\/v2\/media?parent=10228"}],"wp:term":[{"taxonomy":"product_brand","embeddable":true,"href":"https:\/\/dinsertar.eu\/de\/wp-json\/wp\/v2\/product_brand?post=10228"},{"taxonomy":"product_cat","embeddable":true,"href":"https:\/\/dinsertar.eu\/de\/wp-json\/wp\/v2\/product_cat?post=10228"},{"taxonomy":"product_tag","embeddable":true,"href":"https:\/\/dinsertar.eu\/de\/wp-json\/wp\/v2\/product_tag?post=10228"}],"curies":[{"name":"wp","href":"https:\/\/api.w.org\/{rel}","templated":true}]}}